{"id":533,"date":"2024-12-04T19:01:58","date_gmt":"2024-12-04T18:01:58","guid":{"rendered":"https:\/\/karlduchemin.fr\/?page_id=533"},"modified":"2024-12-06T11:31:44","modified_gmt":"2024-12-06T10:31:44","slug":"faq","status":"publish","type":"page","link":"https:\/\/karlduchemin.fr\/index.php\/faq\/","title":{"rendered":"FAQ"},"content":{"rendered":"\n<div class=\"wp-block-cover ban-title\"><span aria-hidden=\"true\" class=\"wp-block-cover__background has-background-dim-100 has-background-dim has-background-gradient\" style=\"background:linear-gradient(135deg,rgb(102,100,255) 0%,rgb(102,53,255) 100%)\"><\/span><div class=\"wp-block-cover__inner-container is-layout-constrained wp-block-cover-is-layout-constrained\">\n<p class=\"has-text-align-center\" style=\"font-size:75px\"><strong>Foire aux questions<\/strong><\/p>\n\n\n\n<p class=\"has-text-align-center\">Retrouvez les r\u00e9ponses aux questions fr\u00e9quentes.<br>Vous ne trouvez pas r\u00e9ponse \u00e0 votre question ?<\/p>\n\n\n\n<div class=\"wp-block-buttons is-content-justification-center is-layout-flex wp-container-core-buttons-is-layout-16018d1d wp-block-buttons-is-layout-flex\">\n<div class=\"wp-block-button has-custom-font-size btn-faq is-style-fill\" style=\"font-size:16px\"><a class=\"wp-block-button__link has-white-background-color has-background has-text-align-center wp-element-button\" href=\"https:\/\/karlduchemin.fr\/index.php\/contact\/\" style=\"border-radius:0px\">Me contacter<\/a><\/div>\n<\/div>\n<\/div><\/div>\n\n\n\n<div class=\"wp-block-columns width-1300 is-layout-flex wp-container-core-columns-is-layout-9d6595d7 wp-block-columns-is-layout-flex\">\n<div class=\"wp-block-column is-layout-flow wp-block-column-is-layout-flow\">\n<details class=\"wp-block-details is-layout-flow wp-block-details-is-layout-flow\"><summary>La cr\u00e9ation d&rsquo;un projet : comment \u00e7a se passe ?<\/summary>\n<p><strong>D&rsquo;abord, le premier contact<\/strong>. C&rsquo;est la phase o\u00f9 on prend le temps de faire connaissance et de parler de votre projet, de votre activit\u00e9, de vos envies&#8230; tout cela par t\u00e9l\u00e9phone, en visio ou autour d&rsquo;un caf\u00e9 ! Cela me permet de juger de vos besoins, et ainsi de vous proposer une solution adapt\u00e9e et un devis ajust\u00e9 \u00e0 votre budget.<\/p>\n\n\n\n<p>L&rsquo;<strong>\u00e9tape du devis<\/strong> vient ensuite. C&rsquo;est \u00e0 ce moment que je vous propose une solution qui me parait adapt\u00e9e aux besoins et au budget qui sont ressortis lors de notre premier contact. Il sera g\u00e9n\u00e9ralement envoy\u00e9 par mail (sauf souhait contraire de votre part), il est gratuit et valable 1 mois \u00e0 partir de la date d&rsquo;envoi. Deux solutions s&rsquo;offrent \u00e0 vous : si celui-ci vous convient, il suffit de me le retourner sign\u00e9, accompagn\u00e9 du bon de commande joint. Dans le cas o\u00f9 le devis ne vous parait pas adapt\u00e9, c&rsquo;est le moment d&rsquo;en \u00e9changer et, \u00e9ventuellement, d&rsquo;en \u00e9tablir un nouveau. \u00c0 noter qu&rsquo;un acompte de 30% vous sera demand\u00e9 pour valider la demande de cr\u00e9a.<\/p>\n\n\n\n<p>Lorsque vous m&rsquo;aurez retourn\u00e9 le devis et le bon de commande sign\u00e9s et effectu\u00e9 le r\u00e8glement de l&rsquo;acompte, nous \u00e9tablirons ensemble un <strong>planning <\/strong>en partant de votre date butoir, pour ainsi d\u00e9finir les \u00e9tapes interm\u00e9diaires de rendus, des rendez-vous pour juger de l&rsquo;avancement, etc.<\/p>\n\n\n\n<p>Une fois toutes ces \u00e9tapes pr\u00e9alables pass\u00e9es, <strong>laissons place \u00e0 la cr\u00e9ation<\/strong> ! Je travaillerai sur un nombre de propositions cr\u00e9atives indiqu\u00e9es dans le devis pr\u00e9alablement, et vous recontacterai pour faire un premier retour. \u00c0 partir de l\u00e0, nous \u00e9changeons, effectuons des corrections si n\u00e9cessaire (sur la base d&rsquo;un nombre d&rsquo;aller-retour d\u00e9fini dans le devis), ce qui nous permet de d\u00e9finir un axe cr\u00e9atif que l&rsquo;on suivra pour aboutit \u00e0 la <strong>finalisation de votre projet<\/strong>. Concr\u00e8tement, \u00e0 ce moment du projet, je serais en mesure de vous transmettre les fichiers demand\u00e9s et utilisables par vos soins, en fonction des contraintes techniques. Ils seront d\u00e9livr\u00e9s d\u00e8s le r\u00e8glement total de la prestation effectu\u00e9e.<\/p>\n\n\n\n<p><strong>Et l&rsquo;apr\u00e8s projet ? <\/strong> Je serais ravi d&rsquo;avoir de vos nouvelles, vos retours et ceux de vos clients sur mon travail ! Vous souhaitez qu&rsquo;on retravaille ensemble ? N&rsquo;h\u00e9sitez pas \u00e0 me recontacter ! Vous avez besoin qu&rsquo;on r\u00e9utilise le travail pr\u00e9c\u00e9demment effectu\u00e9 pour un autre projet ? Pas de panique, je garde tous les documents de travail de mes clients, ainsi, on ne repart pas de z\u00e9ro \u00e0 chaque nouvelle demande. Une simple nouvelle <a style=\"color: #5341f2 !important;\" href=\"https:\/\/karlduchemin.fr\/index.php\/contact\/\" target=\"_blank\" rel=\"noreferrer noopener\">demande de devis<\/a> suffit !<\/p>\n<\/details>\n<\/div>\n\n\n\n<div class=\"wp-block-column is-layout-flow wp-block-column-is-layout-flow\">\n<details class=\"wp-block-details is-layout-flow wp-block-details-is-layout-flow\"><summary>Comment effectuer le paiement ?<\/summary>\n<p>Les diff\u00e9rents paiements s&rsquo;effectuent par virement bancaire, au RIB qui vous sera fourni avec la facture d&rsquo;acompte.<\/p>\n\n\n\n<p><\/p>\n\n\n\n<p><\/p>\n\n\n\n<p><\/p>\n<\/details>\n<\/div>\n<\/div>\n\n\n\n<div class=\"wp-block-columns width-1300 is-layout-flex wp-container-core-columns-is-layout-9d6595d7 wp-block-columns-is-layout-flex\">\n<div class=\"wp-block-column is-layout-flow wp-block-column-is-layout-flow\">\n<details class=\"wp-block-details is-layout-flow wp-block-details-is-layout-flow\"><summary>Un rendez-vous&#8230; mais comment \u00e7a, Jamy ?<\/summary>\n<p><strong>Le rendez-vous<\/strong> est une \u00e9tape cl\u00e9 pour d\u00e9finir le projet qui sera notre l&rsquo;espace de quelques jours \/ semaines ! Cependant, il peut arriver que certaines personnes ne soient pas \u00e0 l&rsquo;aise avec le fait de se rencontrer en face \u00e0 face ! Pas de soucis, plusieurs alternatives s&rsquo;offrent \u00e0 nous.<\/p>\n\n\n\n<p><strong>Par t\u00e9l\u00e9phone ou en visio<\/strong><\/p>\n\n\n\n<p>Si vous \u00eates \u00e9loign\u00e9s de la m\u00e9tropole Lilloise ou si votre planning est serr\u00e9, la solution peut \u00eatre de travailler \u00e0 distance ! Pour cela, rien de plus simple : un appel t\u00e9l\u00e9phonique, un rendez-vous en visio sur Teams, quelques mails&#8230; le tour est jou\u00e9 ! (et un bon point pour l&rsquo;environnement !)<\/p>\n\n\n\n<p><strong>Dans vos locaux<\/strong><\/p>\n\n\n\n<p>Pour discuter de votre projet, le mieux est souvent de se rencontrer d\u00e8s que possible ! Aussi, un rendez-vous dans les locaux de votre entreprise est toujours une bonne alternative. Seule condition : qu&rsquo;elle soit situ\u00e9e dans un rayon de 15km de Lille. <\/p>\n\n\n\n<p><strong>&#8230; ou dans un caf\u00e9 Lillois ? <\/strong><\/p>\n\n\n\n<p>Parfois, il est bon de sortir ! Pourquoi ne pas joindre l&rsquo;utile \u00e0 l&rsquo;agr\u00e9able et trouver un lieu d&rsquo;\u00e9change sympathique sur Lille ? Il se peut m\u00eame que je vous offre le caf\u00e9 pour entamer une collaboration sous les meilleurs auspices !<\/p>\n<\/details>\n<\/div>\n\n\n\n<div class=\"wp-block-column is-layout-flow wp-block-column-is-layout-flow\">\n<details class=\"wp-block-details is-layout-flow wp-block-details-is-layout-flow\"><summary>Comment transmettre les m\u00e9dias pour la cr\u00e9ation de mon projet ?<\/summary>\n<p>L<strong>&lsquo;envoi par mail<\/strong> des m\u00e9dias reste la m\u00e9thode la plus simple. Cependant, si vos documents sont un peu plus nombreux et \/ ou volumineux, des solutions comme <strong>We Transfer<\/strong> existent et se r\u00e9v\u00e8lent \u00eatre une bonne alternative \u00e0 l&rsquo;envoi fastidieux de mails.<\/p>\n\n\n\n<p><\/p>\n\n\n\n<p><\/p>\n<\/details>\n<\/div>\n<\/div>\n\n\n\n<div class=\"wp-block-columns width-1300 is-layout-flex wp-container-core-columns-is-layout-9d6595d7 wp-block-columns-is-layout-flex\">\n<div class=\"wp-block-column is-layout-flow wp-block-column-is-layout-flow\">\n<details class=\"wp-block-details is-layout-flow wp-block-details-is-layout-flow\"><summary>Pourquoi mon devis ne comprend pas l&rsquo;impression, l&rsquo;h\u00e9bergement de mon site, le nom de domaine, l&rsquo;achat d&rsquo;un plugin pour mon site&#8230; ?<\/summary>\n<p>L&rsquo;impression de votre document, l&rsquo;h\u00e9bergement de votre site internet ou l&rsquo;achat de votre nom de domaine ne sont pas compris dans mon devis car ils font appel \u00e0 des devis et facturations ind\u00e9pendantes de mon travail.<\/p>\n\n\n\n<p>Cependant, <strong>pas de panique<\/strong>, je suis l\u00e0 pour vous aiguiller, en fonction des besoins techniques, vers l&rsquo;imprimeur ou le prestataire id\u00e9al pour le choix de votre nom de domaine et h\u00e9bergement !<\/p>\n<\/details>\n<\/div>\n\n\n\n<div class=\"wp-block-column is-layout-flow wp-block-column-is-layout-flow\">\n<details class=\"wp-block-details is-layout-flow wp-block-details-is-layout-flow\"><summary>Je ne trouve pas d&rsquo;images pour mon site, quelle solution ?<\/summary>\n<p><strong>Banques d&rsquo;images professionnelles<\/strong><\/p>\n\n\n\n<p>Les banques d&rsquo;images professionnelles peuvent \u00eatre une solution rapide, efficace et \u00e0 moindres frais, vous proposant divers sources en haute d\u00e9finition parmi des photos, des illustrations vectorielles ou des vid\u00e9os. N&rsquo;h\u00e9sitez pas cependant \u00e0 me solliciter pour trouver les visuels qui feront sens avec votre projet ! <\/p>\n\n\n\n<p><strong>Shooting photo<\/strong><\/p>\n\n\n\n<p>L&rsquo;avantage d&rsquo;inclure un shooting photo dans votre projet, c&rsquo;est qu&rsquo;on peux lui donner une valeur beaucoup plus unique et propre \u00e0 votre projet qu&rsquo;en faisant appel \u00e0 des sources ext\u00e9rieures ! Il est tout \u00e0 fait possible, au moment du devis, de pr\u00e9voir un shooting photo par mes soins pour sublimer la cr\u00e9a !<\/p>\n\n\n\n<p><\/p>\n\n\n\n<p><\/p>\n\n\n\n<p><\/p>\n\n\n\n<p><\/p>\n<\/details>\n<\/div>\n<\/div>\n\n\n\n<div class=\"wp-block-columns width-1300 is-layout-flex wp-container-core-columns-is-layout-9d6595d7 wp-block-columns-is-layout-flex\">\n<div class=\"wp-block-column is-layout-flow wp-block-column-is-layout-flow\">\n<details class=\"wp-block-details is-layout-flow wp-block-details-is-layout-flow\"><summary>Pourquoi r\u00e9gler un acompte ?<\/summary>\n<p>Le paiement d&rsquo;un acompte est la marque d&rsquo;une s\u00e9curit\u00e9 mutuelle : elle nous engage \u00e0 ce que la prestation soit r\u00e9alis\u00e9e, c&rsquo;est ainsi une preuve d&rsquo;un engagement commun sur notre projet.<\/p>\n\n\n\n<p>D\u00e8s que vous aurez accept\u00e9 un devis, une facture d&rsquo;acompte d&rsquo;un montant de 30% du total du devis vous sera envoy\u00e9e. Le processus cr\u00e9atif ne commencera qu&rsquo;une fois le paiement de cet acompte effectu\u00e9. Les 70% restant du devis seront factur\u00e9s \u00e0 la r\u00e9alisation du projet.<\/p>\n\n\n\n<p><\/p>\n\n\n\n<p><\/p>\n<\/details>\n<\/div>\n\n\n\n<div class=\"wp-block-column is-layout-flow wp-block-column-is-layout-flow\"><\/div>\n<\/div>\n\n\n\n<p><\/p>\n","protected":false},"excerpt":{"rendered":"","protected":false},"author":1,"featured_media":0,"parent":0,"menu_order":0,"comment_status":"closed","ping_status":"closed","template":"qi-full-width.php","meta":{"footnotes":""},"class_list":["post-533","page","type-page","status-publish","hentry"],"yoast_head":"<!-- This site is optimized with the Yoast SEO plugin v23.0 - https:\/\/yoast.com\/wordpress\/plugins\/seo\/ -->\n<title>FAQ - Karl Duchemin<\/title>\n<meta name=\"description\" content=\"Retrouvez les r\u00e9ponses aux questions fr\u00e9quentes. Dans cette FAQ, vous trouverez des informations utiles et pertinentes.\" \/>\n<meta name=\"robots\" content=\"index, follow, max-snippet:-1, max-image-preview:large, max-video-preview:-1\" \/>\n<link rel=\"canonical\" href=\"https:\/\/karlduchemin.fr\/index.php\/faq\/\" \/>\n<meta property=\"og:locale\" content=\"fr_FR\" \/>\n<meta property=\"og:type\" content=\"article\" \/>\n<meta property=\"og:title\" content=\"FAQ - Karl Duchemin\" \/>\n<meta property=\"og:description\" content=\"Retrouvez les r\u00e9ponses aux questions fr\u00e9quentes. Dans cette FAQ, vous trouverez des informations utiles et pertinentes.\" \/>\n<meta property=\"og:url\" content=\"https:\/\/karlduchemin.fr\/index.php\/faq\/\" \/>\n<meta property=\"og:site_name\" content=\"Karl Duchemin\" \/>\n<meta property=\"article:modified_time\" content=\"2024-12-06T10:31:44+00:00\" \/>\n<meta name=\"twitter:card\" content=\"summary_large_image\" \/>\n<meta name=\"twitter:label1\" content=\"Dur\u00e9e de lecture estim\u00e9e\" \/>\n\t<meta name=\"twitter:data1\" content=\"6 minutes\" \/>\n<script type=\"application\/ld+json\" class=\"yoast-schema-graph\">{\"@context\":\"https:\/\/schema.org\",\"@graph\":[{\"@type\":\"WebPage\",\"@id\":\"https:\/\/karlduchemin.fr\/index.php\/faq\/\",\"url\":\"https:\/\/karlduchemin.fr\/index.php\/faq\/\",\"name\":\"FAQ - Karl Duchemin\",\"isPartOf\":{\"@id\":\"https:\/\/karlduchemin.fr\/#website\"},\"datePublished\":\"2024-12-04T18:01:58+00:00\",\"dateModified\":\"2024-12-06T10:31:44+00:00\",\"description\":\"Retrouvez les r\u00e9ponses aux questions fr\u00e9quentes. Dans cette FAQ, vous trouverez des informations utiles et pertinentes.\",\"breadcrumb\":{\"@id\":\"https:\/\/karlduchemin.fr\/index.php\/faq\/#breadcrumb\"},\"inLanguage\":\"fr-FR\",\"potentialAction\":[{\"@type\":\"ReadAction\",\"target\":[\"https:\/\/karlduchemin.fr\/index.php\/faq\/\"]}]},{\"@type\":\"BreadcrumbList\",\"@id\":\"https:\/\/karlduchemin.fr\/index.php\/faq\/#breadcrumb\",\"itemListElement\":[{\"@type\":\"ListItem\",\"position\":1,\"name\":\"Accueil\",\"item\":\"https:\/\/karlduchemin.fr\/\"},{\"@type\":\"ListItem\",\"position\":2,\"name\":\"FAQ\"}]},{\"@type\":\"WebSite\",\"@id\":\"https:\/\/karlduchemin.fr\/#website\",\"url\":\"https:\/\/karlduchemin.fr\/\",\"name\":\"Karl Duchemin\",\"description\":\"Webdesigner, photographe, community manager et booker freelance\",\"publisher\":{\"@id\":\"https:\/\/karlduchemin.fr\/#\/schema\/person\/e6c4f85e13fa9559dcdf1fef389b5686\"},\"potentialAction\":[{\"@type\":\"SearchAction\",\"target\":{\"@type\":\"EntryPoint\",\"urlTemplate\":\"https:\/\/karlduchemin.fr\/?s={search_term_string}\"},\"query-input\":\"required name=search_term_string\"}],\"inLanguage\":\"fr-FR\"},{\"@type\":[\"Person\",\"Organization\"],\"@id\":\"https:\/\/karlduchemin.fr\/#\/schema\/person\/e6c4f85e13fa9559dcdf1fef389b5686\",\"name\":\"Karl Duchemin\",\"image\":{\"@type\":\"ImageObject\",\"inLanguage\":\"fr-FR\",\"@id\":\"https:\/\/karlduchemin.fr\/#\/schema\/person\/image\/\",\"url\":\"https:\/\/karlduchemin.fr\/wp-content\/uploads\/2024\/10\/logo@150x150.jpg\",\"contentUrl\":\"https:\/\/karlduchemin.fr\/wp-content\/uploads\/2024\/10\/logo@150x150.jpg\",\"width\":150,\"height\":150,\"caption\":\"Karl Duchemin\"},\"logo\":{\"@id\":\"https:\/\/karlduchemin.fr\/#\/schema\/person\/image\/\"},\"sameAs\":[\"http:\/\/karlduchemin.fr\",\"https:\/\/www.instagram.com\/karlduchemin.webdesigner\/\",\"https:\/\/www.linkedin.com\/in\/karl-duchemin-141933172\/\"]}]}<\/script>\n<!-- \/ Yoast SEO plugin. -->","yoast_head_json":{"title":"FAQ - Karl Duchemin","description":"Retrouvez les r\u00e9ponses aux questions fr\u00e9quentes. Dans cette FAQ, vous trouverez des informations utiles et pertinentes.","robots":{"index":"index","follow":"follow","max-snippet":"max-snippet:-1","max-image-preview":"max-image-preview:large","max-video-preview":"max-video-preview:-1"},"canonical":"https:\/\/karlduchemin.fr\/index.php\/faq\/","og_locale":"fr_FR","og_type":"article","og_title":"FAQ - Karl Duchemin","og_description":"Retrouvez les r\u00e9ponses aux questions fr\u00e9quentes. Dans cette FAQ, vous trouverez des informations utiles et pertinentes.","og_url":"https:\/\/karlduchemin.fr\/index.php\/faq\/","og_site_name":"Karl Duchemin","article_modified_time":"2024-12-06T10:31:44+00:00","twitter_card":"summary_large_image","twitter_misc":{"Dur\u00e9e de lecture estim\u00e9e":"6 minutes"},"schema":{"@context":"https:\/\/schema.org","@graph":[{"@type":"WebPage","@id":"https:\/\/karlduchemin.fr\/index.php\/faq\/","url":"https:\/\/karlduchemin.fr\/index.php\/faq\/","name":"FAQ - Karl Duchemin","isPartOf":{"@id":"https:\/\/karlduchemin.fr\/#website"},"datePublished":"2024-12-04T18:01:58+00:00","dateModified":"2024-12-06T10:31:44+00:00","description":"Retrouvez les r\u00e9ponses aux questions fr\u00e9quentes. Dans cette FAQ, vous trouverez des informations utiles et pertinentes.","breadcrumb":{"@id":"https:\/\/karlduchemin.fr\/index.php\/faq\/#breadcrumb"},"inLanguage":"fr-FR","potentialAction":[{"@type":"ReadAction","target":["https:\/\/karlduchemin.fr\/index.php\/faq\/"]}]},{"@type":"BreadcrumbList","@id":"https:\/\/karlduchemin.fr\/index.php\/faq\/#breadcrumb","itemListElement":[{"@type":"ListItem","position":1,"name":"Accueil","item":"https:\/\/karlduchemin.fr\/"},{"@type":"ListItem","position":2,"name":"FAQ"}]},{"@type":"WebSite","@id":"https:\/\/karlduchemin.fr\/#website","url":"https:\/\/karlduchemin.fr\/","name":"Karl Duchemin","description":"Webdesigner, photographe, community manager et booker freelance","publisher":{"@id":"https:\/\/karlduchemin.fr\/#\/schema\/person\/e6c4f85e13fa9559dcdf1fef389b5686"},"potentialAction":[{"@type":"SearchAction","target":{"@type":"EntryPoint","urlTemplate":"https:\/\/karlduchemin.fr\/?s={search_term_string}"},"query-input":"required name=search_term_string"}],"inLanguage":"fr-FR"},{"@type":["Person","Organization"],"@id":"https:\/\/karlduchemin.fr\/#\/schema\/person\/e6c4f85e13fa9559dcdf1fef389b5686","name":"Karl Duchemin","image":{"@type":"ImageObject","inLanguage":"fr-FR","@id":"https:\/\/karlduchemin.fr\/#\/schema\/person\/image\/","url":"https:\/\/karlduchemin.fr\/wp-content\/uploads\/2024\/10\/logo@150x150.jpg","contentUrl":"https:\/\/karlduchemin.fr\/wp-content\/uploads\/2024\/10\/logo@150x150.jpg","width":150,"height":150,"caption":"Karl Duchemin"},"logo":{"@id":"https:\/\/karlduchemin.fr\/#\/schema\/person\/image\/"},"sameAs":["http:\/\/karlduchemin.fr","https:\/\/www.instagram.com\/karlduchemin.webdesigner\/","https:\/\/www.linkedin.com\/in\/karl-duchemin-141933172\/"]}]}},"jetpack_sharing_enabled":true,"_links":{"self":[{"href":"https:\/\/karlduchemin.fr\/index.php\/wp-json\/wp\/v2\/pages\/533","targetHints":{"allow":["GET"]}}],"collection":[{"href":"https:\/\/karlduchemin.fr\/index.php\/wp-json\/wp\/v2\/pages"}],"about":[{"href":"https:\/\/karlduchemin.fr\/index.php\/wp-json\/wp\/v2\/types\/page"}],"author":[{"embeddable":true,"href":"https:\/\/karlduchemin.fr\/index.php\/wp-json\/wp\/v2\/users\/1"}],"replies":[{"embeddable":true,"href":"https:\/\/karlduchemin.fr\/index.php\/wp-json\/wp\/v2\/comments?post=533"}],"version-history":[{"count":18,"href":"https:\/\/karlduchemin.fr\/index.php\/wp-json\/wp\/v2\/pages\/533\/revisions"}],"predecessor-version":[{"id":559,"href":"https:\/\/karlduchemin.fr\/index.php\/wp-json\/wp\/v2\/pages\/533\/revisions\/559"}],"wp:attachment":[{"href":"https:\/\/karlduchemin.fr\/index.php\/wp-json\/wp\/v2\/media?parent=533"}],"curies":[{"name":"wp","href":"https:\/\/api.w.org\/{rel}","templated":true}]}}