{"id":50,"date":"2024-10-23T12:12:00","date_gmt":"2024-10-23T10:12:00","guid":{"rendered":"https:\/\/karlduchemin.fr\/?page_id=50"},"modified":"2024-10-23T17:28:45","modified_gmt":"2024-10-23T15:28:45","slug":"mentions-legales","status":"publish","type":"page","link":"https:\/\/karlduchemin.fr\/index.php\/mentions-legales\/","title":{"rendered":"Mentions l\u00e9gales"},"content":{"rendered":"\n<p style=\"font-size:22px\">\u00c9DITION DU SITE INTERNET<\/p>\n\n\n\n<p>Le site \u00ab\u00a0Karl Duchemin\u00a0\u00bb ci-apr\u00e8s \u00ab\u00a0le Site\u00a0\u00bb accessible \u00e0 l&rsquo;adresse \u00ab\u00a0<a href=\"https:\/\/karlduchemin.fr\/\">https:\/\/karlduchemin.fr<\/a>\u00a0\u00bb est \u00e9dit\u00e9 par Karl Duchemin ci-apr\u00e8s \u00ab\u00a0l&rsquo;\u00c9diteur\u00a0\u00bb domicili\u00e9 au 36, Rue L\u00e9on Gambetta &#8211; 59320 Haubourdin &#8211; Siret : 88999348100015.<\/p>\n\n\n\n<p style=\"font-size:22px\">H\u00c9BERGEUR DU SITE<\/p>\n\n\n\n<p>Le site est h\u00e9berg\u00e9 par OVH, SAS au capital de 10 174 560,00 \u20ac, situ\u00e9 au 2 rue kellermann BP 80157 59053 ROUBAIX CEDEX 1 &#8211; France.<\/p>\n\n\n\n<p style=\"font-size:22px\">RESPECT DE LA PROPRI\u00c9T\u00c9 INTELLECTUELLE<\/p>\n\n\n\n<p>Toutes les marques, photographies, textes, commentaires, illustrations, images anim\u00e9es ou non, s\u00e9quences vid\u00e9o, sons, ainsi que toutes les applications informatiques qui pourraient \u00eatre utilis\u00e9es pour faire fonctionner le Site et plus g\u00e9n\u00e9ralement tous les \u00e9l\u00e9ments reproduits ou utilis\u00e9s sur le Sites sont prot\u00e9g\u00e9s par les lois en vigeur au titre de la propri\u00e9t\u00e9 intellectuelle.<\/p>\n\n\n\n<p>Ils sont la propri\u00e9t\u00e9 pleine et enti\u00e8re de l&rsquo;\u00c9diteur ou de ses partenaires, sauf mentions particuli\u00e8res. Toute reproduction, repr\u00e9sentation, utilisation ou adaptation, sous quelque forme que ce soit, de tout ou partie de ces \u00e9l\u00e9ments, y compris les applications informatiques, sans l&rsquo;accord pr\u00e9alable et \u00e9crit de l&rsquo;\u00c9diteur, sont strictement interdites. Le fait pour l&rsquo;\u00c9diteur de ne pas engager de proc\u00e9dure d\u00e8s la prise de connaissance de ces utilisations non autoris\u00e9es ne vaut pas acceptation des dites utilisations de renonciation aux poursuites.<\/p>\n\n\n\n<p>Seule l&rsquo;utilisation pour un usage priv\u00e9 dans un cercle de famille est autoris\u00e9e et toute autre utilisation est constitutive de contrefa\u00e7on et\/ou d&rsquo;atteinte aux droits voisins, sanctionn\u00e9es par le Code de la propri\u00e9t\u00e9 intellectuelle.<\/p>\n\n\n\n<p>La reprise de tout ou partie de ce contenu n\u00e9cessite l&rsquo;autorisation pr\u00e9alable de l&rsquo;\u00c9diteur ou du titulaire des droits sur ce contenu.<\/p>\n\n\n\n<p style=\"font-size:22px\">LIENS HYPERTEXTES<\/p>\n\n\n\n<p>Le Site peut contenir des liens hypertextes donnant acc\u00e8s \u00e0 d&rsquo;autres sites web \u00e9dit\u00e9s et g\u00e9r\u00e9s par des tiers et non par l&rsquo;\u00c9diteur. L&rsquo;\u00c9diteur ne pourra pas \u00eatre tenu responsable directement ou indirectement dans le cas o\u00f9 les dits sites tiers ne respecteraient pas les disposition l\u00e9gales.<\/p>\n\n\n\n<p style=\"font-size:22px\">UTILISATION DES DONN\u00c9ES PERSONNELLES COLLECT\u00c9ES<\/p>\n\n\n\n<p>Votre nom, pr\u00e9nom, adresse mail et num\u00e9ro de t\u00e9l\u00e9phone sont enregistr\u00e9s lors d\u2019une prise de contact ou d\u2019un avis client via les diff\u00e9rents formulaires en ligne. Ces informations sont utilis\u00e9es uniquement dans le cadre du service client, pour vous contacter en cas de projet cr\u00e9atif et ne sont en aucun cas utilis\u00e9es \u00e0 des fins commerciales. Elles ne sont ni r\u00e9utilis\u00e9es \u00e0 d\u2019autres fins, ni revendues, ni divulgu\u00e9es \u00e0 un tiers.\u00a0 Si vous souhaitez supprimer vos informations de contact, envoyez-moi un mail \u00e0 l\u2019adresse duchemin.karl@orange.fr.<\/p>\n\n\n\n<p>L\u2019adresse IP des visiteurs, l\u2019ID utilisateur des utilisateurs connect\u00e9s et le nom d\u2019utilisateur des tentatives de connexion sont conditionnellement enregistr\u00e9s pour v\u00e9rifier l\u2019activit\u00e9 malveillante et pour prot\u00e9ger le site contre des types sp\u00e9cifiques d\u2019attaques.&nbsp;Les exemples de conditions lors de la journalisation comprennent les tentatives de connexion, les demandes de d\u00e9connexion, les demandes d\u2019URL suspectes, les modifications apport\u00e9es au contenu du site et les mises \u00e0 jour du mot de passe.&nbsp;Cette information est conserv\u00e9e pendant 30 jours.<\/p>\n\n\n\n<p style=\"font-size:22px\">COOKIES<\/p>\n\n\n\n<p>Google\u00a0Analytics est un outil Google d\u2019analyse d\u2019audience Internet permettant aux propri\u00e9taires de sites Web et d\u2019applications de mieux comprendre le comportement de leurs utilisateurs. Cet outil peut utiliser des cookies pour collecter des informations et g\u00e9n\u00e9rer des rapports sur les statistiques d\u2019utilisation d\u2019un site Web, de fa\u00e7on anonyme, sans que les utilisateurs individuels soient identifi\u00e9s personnellement par Google.<\/p>\n\n\n\n<p style=\"font-size:22px\">STATISTIQUES ET MESURES D&rsquo;AUDIENCE<\/p>\n\n\n\n<p>Des statistiques de mesures d\u2019audience sont collect\u00e9es via Google Analytic. Pour plus d\u2019informations sur la Protection des Donn\u00e9es Personnelles (RGPD) :<br><a href=\"https:\/\/support.google.com\/analytics\/answer\/6004245?hl=fr\" target=\"_blank\" rel=\"noreferrer noopener\">https:\/\/support.google.com\/analytics\/answer\/6004245?hl=fr<\/a><\/p>\n\n\n\n<p><\/p>\n","protected":false},"excerpt":{"rendered":"<p>\u00c9DITION DU SITE INTERNET Le site \u00ab\u00a0Karl Duchemin\u00a0\u00bb ci-apr\u00e8s \u00ab\u00a0le Site\u00a0\u00bb accessible \u00e0 l&rsquo;adresse \u00ab\u00a0https:\/\/karlduchemin.fr\u00a0\u00bb est \u00e9dit\u00e9 par Karl Duchemin ci-apr\u00e8s \u00ab\u00a0l&rsquo;\u00c9diteur\u00a0\u00bb domicili\u00e9 au 36, Rue L\u00e9on Gambetta &#8211; 59320 Haubourdin &#8211; Siret : 88999348100015. H\u00c9BERGEUR DU SITE Le site est h\u00e9berg\u00e9 par OVH, SAS au capital de 10 174 560,00 \u20ac, situ\u00e9 au 2 [&hellip;]<\/p>\n","protected":false},"author":1,"featured_media":0,"parent":0,"menu_order":0,"comment_status":"closed","ping_status":"closed","template":"","meta":{"footnotes":""},"class_list":["post-50","page","type-page","status-publish","hentry"],"yoast_head":"<!-- This site is optimized with the Yoast SEO plugin v23.0 - https:\/\/yoast.com\/wordpress\/plugins\/seo\/ -->\n<title>Mentions l\u00e9gales - Karl Duchemin<\/title>\n<meta name=\"robots\" content=\"index, follow, max-snippet:-1, max-image-preview:large, max-video-preview:-1\" \/>\n<link rel=\"canonical\" href=\"https:\/\/karlduchemin.fr\/index.php\/mentions-legales\/\" \/>\n<meta property=\"og:locale\" content=\"fr_FR\" \/>\n<meta property=\"og:type\" content=\"article\" \/>\n<meta property=\"og:title\" content=\"Mentions l\u00e9gales - Karl Duchemin\" \/>\n<meta property=\"og:description\" content=\"\u00c9DITION DU SITE INTERNET Le site \u00ab\u00a0Karl Duchemin\u00a0\u00bb ci-apr\u00e8s \u00ab\u00a0le Site\u00a0\u00bb accessible \u00e0 l&rsquo;adresse \u00ab\u00a0https:\/\/karlduchemin.fr\u00a0\u00bb est \u00e9dit\u00e9 par Karl Duchemin ci-apr\u00e8s \u00ab\u00a0l&rsquo;\u00c9diteur\u00a0\u00bb domicili\u00e9 au 36, Rue L\u00e9on Gambetta &#8211; 59320 Haubourdin &#8211; Siret : 88999348100015. H\u00c9BERGEUR DU SITE Le site est h\u00e9berg\u00e9 par OVH, SAS au capital de 10 174 560,00 \u20ac, situ\u00e9 au 2 [&hellip;]\" \/>\n<meta property=\"og:url\" content=\"https:\/\/karlduchemin.fr\/index.php\/mentions-legales\/\" \/>\n<meta property=\"og:site_name\" content=\"Karl Duchemin\" \/>\n<meta property=\"article:modified_time\" content=\"2024-10-23T15:28:45+00:00\" \/>\n<meta name=\"twitter:card\" content=\"summary_large_image\" \/>\n<meta name=\"twitter:label1\" content=\"Dur\u00e9e de lecture estim\u00e9e\" \/>\n\t<meta name=\"twitter:data1\" content=\"3 minutes\" \/>\n<script type=\"application\/ld+json\" class=\"yoast-schema-graph\">{\"@context\":\"https:\/\/schema.org\",\"@graph\":[{\"@type\":\"WebPage\",\"@id\":\"https:\/\/karlduchemin.fr\/index.php\/mentions-legales\/\",\"url\":\"https:\/\/karlduchemin.fr\/index.php\/mentions-legales\/\",\"name\":\"Mentions l\u00e9gales - Karl Duchemin\",\"isPartOf\":{\"@id\":\"https:\/\/karlduchemin.fr\/#website\"},\"datePublished\":\"2024-10-23T10:12:00+00:00\",\"dateModified\":\"2024-10-23T15:28:45+00:00\",\"breadcrumb\":{\"@id\":\"https:\/\/karlduchemin.fr\/index.php\/mentions-legales\/#breadcrumb\"},\"inLanguage\":\"fr-FR\",\"potentialAction\":[{\"@type\":\"ReadAction\",\"target\":[\"https:\/\/karlduchemin.fr\/index.php\/mentions-legales\/\"]}]},{\"@type\":\"BreadcrumbList\",\"@id\":\"https:\/\/karlduchemin.fr\/index.php\/mentions-legales\/#breadcrumb\",\"itemListElement\":[{\"@type\":\"ListItem\",\"position\":1,\"name\":\"Accueil\",\"item\":\"https:\/\/karlduchemin.fr\/\"},{\"@type\":\"ListItem\",\"position\":2,\"name\":\"Mentions l\u00e9gales\"}]},{\"@type\":\"WebSite\",\"@id\":\"https:\/\/karlduchemin.fr\/#website\",\"url\":\"https:\/\/karlduchemin.fr\/\",\"name\":\"Karl Duchemin\",\"description\":\"Webdesigner, photographe, community manager et booker freelance\",\"publisher\":{\"@id\":\"https:\/\/karlduchemin.fr\/#\/schema\/person\/e6c4f85e13fa9559dcdf1fef389b5686\"},\"potentialAction\":[{\"@type\":\"SearchAction\",\"target\":{\"@type\":\"EntryPoint\",\"urlTemplate\":\"https:\/\/karlduchemin.fr\/?s={search_term_string}\"},\"query-input\":\"required name=search_term_string\"}],\"inLanguage\":\"fr-FR\"},{\"@type\":[\"Person\",\"Organization\"],\"@id\":\"https:\/\/karlduchemin.fr\/#\/schema\/person\/e6c4f85e13fa9559dcdf1fef389b5686\",\"name\":\"Karl Duchemin\",\"image\":{\"@type\":\"ImageObject\",\"inLanguage\":\"fr-FR\",\"@id\":\"https:\/\/karlduchemin.fr\/#\/schema\/person\/image\/\",\"url\":\"https:\/\/karlduchemin.fr\/wp-content\/uploads\/2024\/10\/logo@150x150.jpg\",\"contentUrl\":\"https:\/\/karlduchemin.fr\/wp-content\/uploads\/2024\/10\/logo@150x150.jpg\",\"width\":150,\"height\":150,\"caption\":\"Karl Duchemin\"},\"logo\":{\"@id\":\"https:\/\/karlduchemin.fr\/#\/schema\/person\/image\/\"},\"sameAs\":[\"http:\/\/karlduchemin.fr\",\"https:\/\/www.instagram.com\/karlduchemin.webdesigner\/\",\"https:\/\/www.linkedin.com\/in\/karl-duchemin-141933172\/\"]}]}<\/script>\n<!-- \/ Yoast SEO plugin. -->","yoast_head_json":{"title":"Mentions l\u00e9gales - Karl Duchemin","robots":{"index":"index","follow":"follow","max-snippet":"max-snippet:-1","max-image-preview":"max-image-preview:large","max-video-preview":"max-video-preview:-1"},"canonical":"https:\/\/karlduchemin.fr\/index.php\/mentions-legales\/","og_locale":"fr_FR","og_type":"article","og_title":"Mentions l\u00e9gales - Karl Duchemin","og_description":"\u00c9DITION DU SITE INTERNET Le site \u00ab\u00a0Karl Duchemin\u00a0\u00bb ci-apr\u00e8s \u00ab\u00a0le Site\u00a0\u00bb accessible \u00e0 l&rsquo;adresse \u00ab\u00a0https:\/\/karlduchemin.fr\u00a0\u00bb est \u00e9dit\u00e9 par Karl Duchemin ci-apr\u00e8s \u00ab\u00a0l&rsquo;\u00c9diteur\u00a0\u00bb domicili\u00e9 au 36, Rue L\u00e9on Gambetta &#8211; 59320 Haubourdin &#8211; Siret : 88999348100015. H\u00c9BERGEUR DU SITE Le site est h\u00e9berg\u00e9 par OVH, SAS au capital de 10 174 560,00 \u20ac, situ\u00e9 au 2 [&hellip;]","og_url":"https:\/\/karlduchemin.fr\/index.php\/mentions-legales\/","og_site_name":"Karl Duchemin","article_modified_time":"2024-10-23T15:28:45+00:00","twitter_card":"summary_large_image","twitter_misc":{"Dur\u00e9e de lecture estim\u00e9e":"3 minutes"},"schema":{"@context":"https:\/\/schema.org","@graph":[{"@type":"WebPage","@id":"https:\/\/karlduchemin.fr\/index.php\/mentions-legales\/","url":"https:\/\/karlduchemin.fr\/index.php\/mentions-legales\/","name":"Mentions l\u00e9gales - Karl Duchemin","isPartOf":{"@id":"https:\/\/karlduchemin.fr\/#website"},"datePublished":"2024-10-23T10:12:00+00:00","dateModified":"2024-10-23T15:28:45+00:00","breadcrumb":{"@id":"https:\/\/karlduchemin.fr\/index.php\/mentions-legales\/#breadcrumb"},"inLanguage":"fr-FR","potentialAction":[{"@type":"ReadAction","target":["https:\/\/karlduchemin.fr\/index.php\/mentions-legales\/"]}]},{"@type":"BreadcrumbList","@id":"https:\/\/karlduchemin.fr\/index.php\/mentions-legales\/#breadcrumb","itemListElement":[{"@type":"ListItem","position":1,"name":"Accueil","item":"https:\/\/karlduchemin.fr\/"},{"@type":"ListItem","position":2,"name":"Mentions l\u00e9gales"}]},{"@type":"WebSite","@id":"https:\/\/karlduchemin.fr\/#website","url":"https:\/\/karlduchemin.fr\/","name":"Karl Duchemin","description":"Webdesigner, photographe, community manager et booker freelance","publisher":{"@id":"https:\/\/karlduchemin.fr\/#\/schema\/person\/e6c4f85e13fa9559dcdf1fef389b5686"},"potentialAction":[{"@type":"SearchAction","target":{"@type":"EntryPoint","urlTemplate":"https:\/\/karlduchemin.fr\/?s={search_term_string}"},"query-input":"required name=search_term_string"}],"inLanguage":"fr-FR"},{"@type":["Person","Organization"],"@id":"https:\/\/karlduchemin.fr\/#\/schema\/person\/e6c4f85e13fa9559dcdf1fef389b5686","name":"Karl Duchemin","image":{"@type":"ImageObject","inLanguage":"fr-FR","@id":"https:\/\/karlduchemin.fr\/#\/schema\/person\/image\/","url":"https:\/\/karlduchemin.fr\/wp-content\/uploads\/2024\/10\/logo@150x150.jpg","contentUrl":"https:\/\/karlduchemin.fr\/wp-content\/uploads\/2024\/10\/logo@150x150.jpg","width":150,"height":150,"caption":"Karl Duchemin"},"logo":{"@id":"https:\/\/karlduchemin.fr\/#\/schema\/person\/image\/"},"sameAs":["http:\/\/karlduchemin.fr","https:\/\/www.instagram.com\/karlduchemin.webdesigner\/","https:\/\/www.linkedin.com\/in\/karl-duchemin-141933172\/"]}]}},"jetpack_sharing_enabled":true,"_links":{"self":[{"href":"https:\/\/karlduchemin.fr\/index.php\/wp-json\/wp\/v2\/pages\/50","targetHints":{"allow":["GET"]}}],"collection":[{"href":"https:\/\/karlduchemin.fr\/index.php\/wp-json\/wp\/v2\/pages"}],"about":[{"href":"https:\/\/karlduchemin.fr\/index.php\/wp-json\/wp\/v2\/types\/page"}],"author":[{"embeddable":true,"href":"https:\/\/karlduchemin.fr\/index.php\/wp-json\/wp\/v2\/users\/1"}],"replies":[{"embeddable":true,"href":"https:\/\/karlduchemin.fr\/index.php\/wp-json\/wp\/v2\/comments?post=50"}],"version-history":[{"count":2,"href":"https:\/\/karlduchemin.fr\/index.php\/wp-json\/wp\/v2\/pages\/50\/revisions"}],"predecessor-version":[{"id":109,"href":"https:\/\/karlduchemin.fr\/index.php\/wp-json\/wp\/v2\/pages\/50\/revisions\/109"}],"wp:attachment":[{"href":"https:\/\/karlduchemin.fr\/index.php\/wp-json\/wp\/v2\/media?parent=50"}],"curies":[{"name":"wp","href":"https:\/\/api.w.org\/{rel}","templated":true}]}}