{"id":47,"date":"2024-10-23T11:49:19","date_gmt":"2024-10-23T09:49:19","guid":{"rendered":"https:\/\/karlduchemin.fr\/?page_id=47"},"modified":"2024-12-06T10:49:31","modified_gmt":"2024-12-06T09:49:31","slug":"cgv","status":"publish","type":"page","link":"https:\/\/karlduchemin.fr\/index.php\/cgv\/","title":{"rendered":"CGV"},"content":{"rendered":"\n<p style=\"font-size:22px\">CONDITIONS G\u00c9N\u00c9RALES DE VENTE<\/p>\n\n\n\n<p>\u2022 <u>PRESTATIONS DE SERVICES<\/u> : comprend tout ce qui est <b>explicitement list\u00e9 dans le devis<\/b>. Elle ne comprend donc pas ce qui n&rsquo;est pas d\u00e9crit dans ce m\u00eame champ.<\/p>\n\n\n\n<p>\u2022 Les prix de mes offres et prestations s&rsquo;entendent nets et Toutes Taxes Comprises.<\/p>\n\n\n\n<p>\u2022 Un acompte correspondant \u00e0 30% du prix total du devis de prestations de services command\u00e9es est exig\u00e9 lors de la passation de la commande (non remboursable). Sauf d\u00e9lai de paiement suppl\u00e9mentaire convenu par accord entre les deux parties et figurant sur la facture, le r\u00e8glement du solde s&rsquo;effectue \u00e0 r\u00e9ception de la facture. Tout retard de paiement pourra donner lieu \u00e0 des p\u00e9nalit\u00e9s de retard exigibles sans rappel, au taux de 10% de la facture totale par mois de retard (lutte contre les retards de paiement \/ article 53 de la loi NRE), ainsi qu&rsquo;\u00e0 une indemnit\u00e9 forfaitaire de 40\u20ac (C. Com. art. D441-5). Paiements par virement bancaire.<\/p>\n\n\n\n<p>\u2022 Conform\u00e9ment au CPI (articles L. 121-1 \u00e0 l. 121-9) ne seront c\u00e9d\u00e9s au client pour l&rsquo;oeuvre d\u00e9crite que les droits patrimoniaux explicitement \u00e9nonc\u00e9s dans les conditions de cession, \u00e0 l&rsquo;exclusion de tout autre, et ce, dans les limites y figurant \u00e9galement. Il est rappel\u00e9 que le droit moral d&rsquo;une cr\u00e9ation (comprenant entre autres droit au respect de l&rsquo;oeuvre et droit au respect du nom) reste attach\u00e9 \u00e0 son auteur de mani\u00e8re perp\u00e9tuelle et imprescriptible. Toute repr\u00e9sentation ou reproduction int\u00e9grale ou partielle faite sans le consentement de l&rsquo;auteur ou de ses ayants droit est illicite, et punie selon les lois relatives au d\u00e9lit de contrefa\u00e7on. Il en est de m\u00eame pour la traduction, l&rsquo;adaptation ou la transformation, l&rsquo;arrangement ou la reproduction par un art ou un proc\u00e9d\u00e9 quelconque (art. L. 122-4 du CPI).<\/p>\n\n\n\n<p>\u2022 La totalit\u00e9 de la production et des droits s&rsquo;y rapportant, objet de la pr\u00e9sente commande, demeure la propri\u00e9t\u00e9 enti\u00e8re et exclusive de Karl Duchemin tant que les factures \u00e9mises par Karl Duchemin ne sont pas pay\u00e9es en totalit\u00e9 par la soci\u00e9t\u00e9 cliente, \u00e0 concurrence du montant global de la commande et des avenants \u00e9ventuels conclus en cours de prestation. Ainsi, la soci\u00e9t\u00e9 cliente deviendra propri\u00e9taire de fait des droits c\u00e9d\u00e9s \u00e0 compter du r\u00e8glement final et soldant de toutes les factures \u00e9mises par Karl Duchemin dans le cadre de la commande.<\/p>\n\n\n\n<p>\u2022 La livraison \u00e9ventuelle des sources ou fichiers de travail relatifs \u00e0 la pr\u00e9sente commande ne se fera qu&rsquo;en cas de n\u00e9cessit\u00e9 induite par la stricte exploitation de l&rsquo;oeuvre pr\u00e9vue dans les conditions de cession ou dans un avenant ult\u00e9rieur.<\/p>\n\n\n\n<p>\u2022 Karl Duchemin se r\u00e9serve le droit de mentionner la r\u00e9alisation pour la soci\u00e9t\u00e9 cliente comme r\u00e9f\u00e9rence et de citer des extraits textuels ou iconographiques des oeuvres concern\u00e9s dans le strict cadre de ses d\u00e9marches de prospection commerciale, de communication externe et de publicit\u00e9. Toute r\u00e9serve au droit de publicit\u00e9 de Karl Duchemin devra \u00eatre notifi\u00e9e et n\u00e9goci\u00e9e avant la signature du devis et mentionn\u00e9e sur la facture. <\/p>\n\n\n\n<p>\u2022 La soci\u00e9t\u00e9 cliente assume pleinement et enti\u00e8rement la responsabilit\u00e9 des choix r\u00e9alis\u00e9s en mati\u00e8re de contenus textuels et iconographiques figurant dans la r\u00e9alisation livr\u00e9e par Karl Duchemin, tout comme de l&rsquo;exploitation qui en sera faite, et notamment de la conformit\u00e9 de cette derni\u00e8re avec les r\u00e9glementations en vigueur. Elle assure \u00e9galement \u00eatre propri\u00e9taire des droits n\u00e9cessaires \u00e0 l&rsquo;exploitation de tous les \u00e9l\u00e9ments cr\u00e9atifs textuels et iconographiques fournis par elle \u00e0 Karl Duchemin dans le cadre de sa mission, et garantit Karl Duchemin contre toute plainte tierce relative \u00e0 la violation des droits de ces \u00e9l\u00e9ments.<\/p>\n\n\n\n<p><\/p>\n","protected":false},"excerpt":{"rendered":"<p>CONDITIONS G\u00c9N\u00c9RALES DE VENTE \u2022 PRESTATIONS DE SERVICES : comprend tout ce qui est explicitement list\u00e9 dans le devis. Elle ne comprend donc pas ce qui n&rsquo;est pas d\u00e9crit dans ce m\u00eame champ. \u2022 Les prix de mes offres et prestations s&rsquo;entendent nets et Toutes Taxes Comprises. \u2022 Un acompte correspondant \u00e0 30% du prix [&hellip;]<\/p>\n","protected":false},"author":1,"featured_media":0,"parent":0,"menu_order":0,"comment_status":"closed","ping_status":"closed","template":"","meta":{"footnotes":""},"class_list":["post-47","page","type-page","status-publish","hentry"],"yoast_head":"<!-- This site is optimized with the Yoast SEO plugin v23.0 - https:\/\/yoast.com\/wordpress\/plugins\/seo\/ -->\n<title>CGV - Karl Duchemin<\/title>\n<meta name=\"robots\" content=\"index, follow, max-snippet:-1, max-image-preview:large, max-video-preview:-1\" \/>\n<link rel=\"canonical\" href=\"https:\/\/karlduchemin.fr\/index.php\/cgv\/\" \/>\n<meta property=\"og:locale\" content=\"fr_FR\" \/>\n<meta property=\"og:type\" content=\"article\" \/>\n<meta property=\"og:title\" content=\"CGV - Karl Duchemin\" \/>\n<meta property=\"og:description\" content=\"CONDITIONS G\u00c9N\u00c9RALES DE VENTE \u2022 PRESTATIONS DE SERVICES : comprend tout ce qui est explicitement list\u00e9 dans le devis. Elle ne comprend donc pas ce qui n&rsquo;est pas d\u00e9crit dans ce m\u00eame champ. \u2022 Les prix de mes offres et prestations s&rsquo;entendent nets et Toutes Taxes Comprises. \u2022 Un acompte correspondant \u00e0 30% du prix [&hellip;]\" \/>\n<meta property=\"og:url\" content=\"https:\/\/karlduchemin.fr\/index.php\/cgv\/\" \/>\n<meta property=\"og:site_name\" content=\"Karl Duchemin\" \/>\n<meta property=\"article:modified_time\" content=\"2024-12-06T09:49:31+00:00\" \/>\n<meta name=\"twitter:card\" content=\"summary_large_image\" \/>\n<meta name=\"twitter:label1\" content=\"Dur\u00e9e de lecture estim\u00e9e\" \/>\n\t<meta name=\"twitter:data1\" content=\"3 minutes\" \/>\n<script type=\"application\/ld+json\" class=\"yoast-schema-graph\">{\"@context\":\"https:\/\/schema.org\",\"@graph\":[{\"@type\":\"WebPage\",\"@id\":\"https:\/\/karlduchemin.fr\/index.php\/cgv\/\",\"url\":\"https:\/\/karlduchemin.fr\/index.php\/cgv\/\",\"name\":\"CGV - Karl Duchemin\",\"isPartOf\":{\"@id\":\"https:\/\/karlduchemin.fr\/#website\"},\"datePublished\":\"2024-10-23T09:49:19+00:00\",\"dateModified\":\"2024-12-06T09:49:31+00:00\",\"breadcrumb\":{\"@id\":\"https:\/\/karlduchemin.fr\/index.php\/cgv\/#breadcrumb\"},\"inLanguage\":\"fr-FR\",\"potentialAction\":[{\"@type\":\"ReadAction\",\"target\":[\"https:\/\/karlduchemin.fr\/index.php\/cgv\/\"]}]},{\"@type\":\"BreadcrumbList\",\"@id\":\"https:\/\/karlduchemin.fr\/index.php\/cgv\/#breadcrumb\",\"itemListElement\":[{\"@type\":\"ListItem\",\"position\":1,\"name\":\"Accueil\",\"item\":\"https:\/\/karlduchemin.fr\/\"},{\"@type\":\"ListItem\",\"position\":2,\"name\":\"CGV\"}]},{\"@type\":\"WebSite\",\"@id\":\"https:\/\/karlduchemin.fr\/#website\",\"url\":\"https:\/\/karlduchemin.fr\/\",\"name\":\"Karl Duchemin\",\"description\":\"Webdesigner, photographe, community manager et booker freelance\",\"publisher\":{\"@id\":\"https:\/\/karlduchemin.fr\/#\/schema\/person\/e6c4f85e13fa9559dcdf1fef389b5686\"},\"potentialAction\":[{\"@type\":\"SearchAction\",\"target\":{\"@type\":\"EntryPoint\",\"urlTemplate\":\"https:\/\/karlduchemin.fr\/?s={search_term_string}\"},\"query-input\":\"required name=search_term_string\"}],\"inLanguage\":\"fr-FR\"},{\"@type\":[\"Person\",\"Organization\"],\"@id\":\"https:\/\/karlduchemin.fr\/#\/schema\/person\/e6c4f85e13fa9559dcdf1fef389b5686\",\"name\":\"Karl Duchemin\",\"image\":{\"@type\":\"ImageObject\",\"inLanguage\":\"fr-FR\",\"@id\":\"https:\/\/karlduchemin.fr\/#\/schema\/person\/image\/\",\"url\":\"https:\/\/karlduchemin.fr\/wp-content\/uploads\/2024\/10\/logo@150x150.jpg\",\"contentUrl\":\"https:\/\/karlduchemin.fr\/wp-content\/uploads\/2024\/10\/logo@150x150.jpg\",\"width\":150,\"height\":150,\"caption\":\"Karl Duchemin\"},\"logo\":{\"@id\":\"https:\/\/karlduchemin.fr\/#\/schema\/person\/image\/\"},\"sameAs\":[\"http:\/\/karlduchemin.fr\",\"https:\/\/www.instagram.com\/karlduchemin.webdesigner\/\",\"https:\/\/www.linkedin.com\/in\/karl-duchemin-141933172\/\"]}]}<\/script>\n<!-- \/ Yoast SEO plugin. -->","yoast_head_json":{"title":"CGV - Karl Duchemin","robots":{"index":"index","follow":"follow","max-snippet":"max-snippet:-1","max-image-preview":"max-image-preview:large","max-video-preview":"max-video-preview:-1"},"canonical":"https:\/\/karlduchemin.fr\/index.php\/cgv\/","og_locale":"fr_FR","og_type":"article","og_title":"CGV - Karl Duchemin","og_description":"CONDITIONS G\u00c9N\u00c9RALES DE VENTE \u2022 PRESTATIONS DE SERVICES : comprend tout ce qui est explicitement list\u00e9 dans le devis. Elle ne comprend donc pas ce qui n&rsquo;est pas d\u00e9crit dans ce m\u00eame champ. \u2022 Les prix de mes offres et prestations s&rsquo;entendent nets et Toutes Taxes Comprises. \u2022 Un acompte correspondant \u00e0 30% du prix [&hellip;]","og_url":"https:\/\/karlduchemin.fr\/index.php\/cgv\/","og_site_name":"Karl Duchemin","article_modified_time":"2024-12-06T09:49:31+00:00","twitter_card":"summary_large_image","twitter_misc":{"Dur\u00e9e de lecture estim\u00e9e":"3 minutes"},"schema":{"@context":"https:\/\/schema.org","@graph":[{"@type":"WebPage","@id":"https:\/\/karlduchemin.fr\/index.php\/cgv\/","url":"https:\/\/karlduchemin.fr\/index.php\/cgv\/","name":"CGV - Karl Duchemin","isPartOf":{"@id":"https:\/\/karlduchemin.fr\/#website"},"datePublished":"2024-10-23T09:49:19+00:00","dateModified":"2024-12-06T09:49:31+00:00","breadcrumb":{"@id":"https:\/\/karlduchemin.fr\/index.php\/cgv\/#breadcrumb"},"inLanguage":"fr-FR","potentialAction":[{"@type":"ReadAction","target":["https:\/\/karlduchemin.fr\/index.php\/cgv\/"]}]},{"@type":"BreadcrumbList","@id":"https:\/\/karlduchemin.fr\/index.php\/cgv\/#breadcrumb","itemListElement":[{"@type":"ListItem","position":1,"name":"Accueil","item":"https:\/\/karlduchemin.fr\/"},{"@type":"ListItem","position":2,"name":"CGV"}]},{"@type":"WebSite","@id":"https:\/\/karlduchemin.fr\/#website","url":"https:\/\/karlduchemin.fr\/","name":"Karl Duchemin","description":"Webdesigner, photographe, community manager et booker freelance","publisher":{"@id":"https:\/\/karlduchemin.fr\/#\/schema\/person\/e6c4f85e13fa9559dcdf1fef389b5686"},"potentialAction":[{"@type":"SearchAction","target":{"@type":"EntryPoint","urlTemplate":"https:\/\/karlduchemin.fr\/?s={search_term_string}"},"query-input":"required name=search_term_string"}],"inLanguage":"fr-FR"},{"@type":["Person","Organization"],"@id":"https:\/\/karlduchemin.fr\/#\/schema\/person\/e6c4f85e13fa9559dcdf1fef389b5686","name":"Karl Duchemin","image":{"@type":"ImageObject","inLanguage":"fr-FR","@id":"https:\/\/karlduchemin.fr\/#\/schema\/person\/image\/","url":"https:\/\/karlduchemin.fr\/wp-content\/uploads\/2024\/10\/logo@150x150.jpg","contentUrl":"https:\/\/karlduchemin.fr\/wp-content\/uploads\/2024\/10\/logo@150x150.jpg","width":150,"height":150,"caption":"Karl Duchemin"},"logo":{"@id":"https:\/\/karlduchemin.fr\/#\/schema\/person\/image\/"},"sameAs":["http:\/\/karlduchemin.fr","https:\/\/www.instagram.com\/karlduchemin.webdesigner\/","https:\/\/www.linkedin.com\/in\/karl-duchemin-141933172\/"]}]}},"jetpack_sharing_enabled":true,"_links":{"self":[{"href":"https:\/\/karlduchemin.fr\/index.php\/wp-json\/wp\/v2\/pages\/47","targetHints":{"allow":["GET"]}}],"collection":[{"href":"https:\/\/karlduchemin.fr\/index.php\/wp-json\/wp\/v2\/pages"}],"about":[{"href":"https:\/\/karlduchemin.fr\/index.php\/wp-json\/wp\/v2\/types\/page"}],"author":[{"embeddable":true,"href":"https:\/\/karlduchemin.fr\/index.php\/wp-json\/wp\/v2\/users\/1"}],"replies":[{"embeddable":true,"href":"https:\/\/karlduchemin.fr\/index.php\/wp-json\/wp\/v2\/comments?post=47"}],"version-history":[{"count":2,"href":"https:\/\/karlduchemin.fr\/index.php\/wp-json\/wp\/v2\/pages\/47\/revisions"}],"predecessor-version":[{"id":639,"href":"https:\/\/karlduchemin.fr\/index.php\/wp-json\/wp\/v2\/pages\/47\/revisions\/639"}],"wp:attachment":[{"href":"https:\/\/karlduchemin.fr\/index.php\/wp-json\/wp\/v2\/media?parent=47"}],"curies":[{"name":"wp","href":"https:\/\/api.w.org\/{rel}","templated":true}]}}