{"id":15,"date":"2024-10-17T15:51:26","date_gmt":"2024-10-17T13:51:26","guid":{"rendered":"https:\/\/karlduchemin.fr\/?page_id=15"},"modified":"2024-12-06T12:39:03","modified_gmt":"2024-12-06T11:39:03","slug":"services","status":"publish","type":"page","link":"https:\/\/karlduchemin.fr\/index.php\/services\/","title":{"rendered":"Services"},"content":{"rendered":"\n<div class=\"wp-block-cover is-light ban-title\"><span aria-hidden=\"true\" class=\"wp-block-cover__background has-background-dim-0 has-background-dim\"><\/span><img decoding=\"async\" width=\"1652\" height=\"430\" class=\"wp-block-cover__image-background wp-image-493\" alt=\"\" src=\"https:\/\/karlduchemin.fr\/wp-content\/uploads\/2024\/12\/banniere-services.jpg\" data-object-fit=\"cover\" srcset=\"https:\/\/karlduchemin.fr\/wp-content\/uploads\/2024\/12\/banniere-services.jpg 1652w, https:\/\/karlduchemin.fr\/wp-content\/uploads\/2024\/12\/banniere-services-300x78.jpg 300w, https:\/\/karlduchemin.fr\/wp-content\/uploads\/2024\/12\/banniere-services-1024x267.jpg 1024w, https:\/\/karlduchemin.fr\/wp-content\/uploads\/2024\/12\/banniere-services-768x200.jpg 768w, https:\/\/karlduchemin.fr\/wp-content\/uploads\/2024\/12\/banniere-services-1536x400.jpg 1536w\" sizes=\"(max-width: 1652px) 100vw, 1652px\" \/><div class=\"wp-block-cover__inner-container is-layout-constrained wp-block-cover-is-layout-constrained\">\n<p class=\"has-text-align-left border-title gradient-banner has-black-color has-text-color has-link-color wp-elements-871975bfd8dce0146e495f82ee8c72da\" style=\"font-size:75px\"><strong>Services<\/strong><\/p>\n\n\n\n<p class=\"sub-title gradient-banner has-white-color has-text-color has-link-color wp-elements-33f057431e5099ec83b68bf86df2a021\">Mon exp\u00e9rience de plus de 10 ans chez diff\u00e9rents annonceurs de la m\u00e9tropole Lilloise<br> m\u2019a apport\u00e9 une bonne vision de comment travailler avec un client, faire aboutir<br> <strong>des id\u00e9es \u00e0 votre image<\/strong>, qu\u2019elles soient bien concr\u00e8tes, originales, d\u00e9jant\u00e9es,<br> ou destin\u00e9es \u00e0 un public professionnel\u2026 bien plus que savoir maitriser des logiciels,<br> la capacit\u00e9 d\u2019<strong>\u00e9couter <\/strong>et d\u2019<strong>\u00e9changer<\/strong> avec mon interlocuteur fera de votre projet,<br> j\u2019en suis convaincu, quelque chose d\u2019<strong>unique<\/strong> !<\/p>\n<\/div><\/div>\n\n\n\n<p class=\"width-1300\"><\/p>\n\n\n\n<h3 class=\"wp-block-heading width-1300\">Une polyvalence au centre de vos id\u00e9es<\/h3>\n\n\n\n<p class=\"width-1300\">Ayant commenc\u00e9 ma vie professionnelle en <strong>\u00e9v\u00e9nementiel<\/strong>, j&rsquo;ai toujours trouv\u00e9 tr\u00e8s int\u00e9ressant d&rsquo;<strong>apprendre<\/strong> et de <strong>comprendre<\/strong> les m\u00e9tiers qui m&rsquo;entourent dans une entreprise. C&rsquo;est cette envie qui me poussera \u00e0 me reconvertir vers le <strong>graphisme<\/strong>, \u00e0 explorer les joies du <strong>webdesign<\/strong>, de l&rsquo;<strong>illustration<\/strong>, de la <strong>mise en page<\/strong>, de la <strong>cr\u00e9ation de logo<\/strong>, du <strong>motion design<\/strong> et du <strong>d\u00e9veloppement web<\/strong>&#8230;<\/p>\n\n\n\n<p class=\"width-1300\">Bien d\u00e9cid\u00e9, en 2016, \u00e0 allier ces comp\u00e9tences, j&rsquo;ai d\u00e9cid\u00e9 de me sp\u00e9cialiser dans le web, sans laisser totalement de c\u00f4t\u00e9 mes premi\u00e8res amours ! <\/p>\n\n\n\n<p class=\"width-1300\"><\/p>\n\n\n\n<p class=\"width-1300\"><strong>Toujours passionn\u00e9<\/strong> de concerts et de musique, je m&rsquo;investie plus que jamais maintenant dans l&rsquo;associatif Lillois, que \u00e7a soit avec mon association <strong>Hair Dynazty<\/strong> (<a href=\"https:\/\/www.facebook.com\/HAIRDYNAZTY \">https:\/\/www.facebook.com\/HAIRDYNAZTY<\/a>), derri\u00e8re un appareil photo ou en chroniquant diff\u00e9rents \u00e9v\u00e8nements.<\/p>\n\n\n\n<p class=\"width-1300\"><strong>Toujours passionn\u00e9<\/strong> par l&rsquo;illustration et la mise en page de support prints, je prend un plaisir (non dissimul\u00e9 !) \u00e0 aider des musiciens, associations, artistes dans leur d\u00e9marche de cr\u00e9ation.<\/p>\n\n\n\n<p class=\"width-1300\"><strong>Toujours passionn\u00e9<\/strong> par l&rsquo;\u00e9criture et par le r\u00f4le important des r\u00e9seaux sociaux dans une d\u00e9marche de communication, j&rsquo;ai appris le m\u00e9tier de community manager pour mettre ces comp\u00e9tences \u00e0 disposition&#8230; Finalement, <strong>c&rsquo;est toujours une histoire de passion<\/strong>, qui est mon moteur et ma fa\u00e7on de travailler !<\/p>\n\n\n\n<div class=\"wp-block-group grey\"><div class=\"wp-block-group__inner-container is-layout-constrained wp-block-group-is-layout-constrained\">\n<div class=\"wp-block-columns width-1300 is-layout-flex wp-container-core-columns-is-layout-9d6595d7 wp-block-columns-is-layout-flex\">\n<div class=\"wp-block-column is-layout-flow wp-block-column-is-layout-flow\"><div class=\"wp-block-image icon-margin\">\n<figure class=\"aligncenter size-full is-resized\"><img decoding=\"async\" width=\"86\" height=\"100\" src=\"https:\/\/karlduchemin.fr\/wp-content\/uploads\/2024\/11\/WEBDESIGN-ICON.png\" alt=\"\" class=\"wp-image-373\" style=\"width:100px\" title=\"\"\/><\/figure>\n<\/div>\n\n\n<h4 class=\"wp-block-heading has-text-align-center\">Webdesign<\/h4>\n\n\n\n<p class=\"has-text-align-center\">Que ce soit pour cr\u00e9er un site web \u00e0 l&rsquo;image de votre projet, une newsletter pour vendre vos produits \u00e0 vos clients, des banni\u00e8res qui attirent l&rsquo;oeil ou un motion design impactant&#8230; l&rsquo;essentiel, c&rsquo;est de transmettre vos valeurs \u00e0 travers un univers visuel ! Nous travaillerons ensemble \u00e0 la cr\u00e9ation de cet univers <strong>unique et adapt\u00e9 \u00e0 vos besoins<\/strong>. <\/p>\n<\/div>\n\n\n\n<div class=\"wp-block-column is-layout-flow wp-block-column-is-layout-flow\"><div class=\"wp-block-image icon-margin\">\n<figure class=\"aligncenter size-full is-resized\"><img decoding=\"async\" width=\"100\" height=\"93\" src=\"https:\/\/karlduchemin.fr\/wp-content\/uploads\/2024\/11\/IDVISUELLE-ICON.png\" alt=\"\" class=\"wp-image-377\" style=\"width:100px\"\/><\/figure>\n<\/div>\n\n\n<h4 class=\"wp-block-heading has-text-align-center\">Identit\u00e9 visuelle<\/h4>\n\n\n\n<p class=\"has-text-align-center\">\u00c9l\u00e9ment central sur lequel nous allons b\u00e2tir votre image, l&rsquo;identit\u00e9 visuelle est l&rsquo;ensemble des diff\u00e9rents \u00e9l\u00e9ments comme votre logo, les couleurs, pictogrammes, typographies&#8230; Le but ?               D\u00e9velopper votre image, vos valeurs&#8230; et vous rendre <strong>visible et reconnaissable au premier coup d&rsquo;oeil <\/strong>!<\/p>\n<\/div>\n\n\n\n<div class=\"wp-block-column is-layout-flow wp-block-column-is-layout-flow\"><div class=\"wp-block-image icon-margin\">\n<figure class=\"aligncenter size-full is-resized\"><img decoding=\"async\" width=\"104\" height=\"100\" src=\"https:\/\/karlduchemin.fr\/wp-content\/uploads\/2024\/11\/PRINT-ICON.png\" alt=\"\" class=\"wp-image-379\" style=\"width:100px\"\/><\/figure>\n<\/div>\n\n\n<h4 class=\"wp-block-heading has-text-align-center\">Supports prints<\/h4>\n\n\n\n<p class=\"has-text-align-center\">Conscient de l&rsquo;impact qu&rsquo;\u00e0 la remise d&rsquo;un document imprim\u00e9, il sera souvent la porte d&rsquo;entr\u00e9e pour pr\u00e9senter votre activit\u00e9. Affiches, flyers, cartes de visite&#8230; bien pens\u00e9 et vous correspondant, le support print offre une diversit\u00e9 de format non n\u00e9gligeable et laissera place \u00e0 l&rsquo;imagination !<\/p>\n<\/div>\n<\/div>\n\n\n\n<div class=\"wp-block-columns width-1300 is-layout-flex wp-container-core-columns-is-layout-9d6595d7 wp-block-columns-is-layout-flex\">\n<div class=\"wp-block-column is-layout-flow wp-block-column-is-layout-flow\"><div class=\"wp-block-image icon-margin\">\n<figure class=\"aligncenter size-full is-resized\"><img decoding=\"async\" width=\"102\" height=\"91\" src=\"https:\/\/karlduchemin.fr\/wp-content\/uploads\/2024\/11\/PHOTO-ICON.png\" alt=\"\" class=\"wp-image-384\" style=\"width:100px\"\/><\/figure>\n<\/div>\n\n\n<h4 class=\"wp-block-heading has-text-align-center\">Photographie<\/h4>\n\n\n\n<p class=\"has-text-align-center\">Besoin d&rsquo;immortaliser un moment unique, ou d&rsquo;illustrer votre activit\u00e9 ? Un set de photographies unique r\u00e9pondra \u00e0 ce besoin ! Avec un oeil graphique et une touche d&rsquo;originalit\u00e9 qui fait la diff\u00e9rence, pr\u00e9parez votre plus beau sourire ! 1, 2, 3&#8230; cheese !<\/p>\n<\/div>\n\n\n\n<div class=\"wp-block-column is-layout-flow wp-block-column-is-layout-flow\"><div class=\"wp-block-image icon-margin\">\n<figure class=\"aligncenter size-full is-resized\"><img decoding=\"async\" width=\"157\" height=\"100\" src=\"https:\/\/karlduchemin.fr\/wp-content\/uploads\/2024\/11\/COMMANAGER-ICON.png\" alt=\"\" class=\"wp-image-387\" style=\"width:130px\"\/><\/figure>\n<\/div>\n\n\n<h4 class=\"wp-block-heading has-text-align-center\">Community management<\/h4>\n\n\n\n<p class=\"has-text-align-center\">Les r\u00e9seaux sociaux et le d\u00e9veloppement d&rsquo;une communaut\u00e9 sont indispensables aujourd&rsquo;hui ! Mais d\u00e9finir un planning de publication, trouver un ton r\u00e9dactionnel adapt\u00e9 \u00e0 son activit\u00e9, tout en \u00e9tant \u00e0 l&rsquo;aff\u00fbt de l&rsquo;id\u00e9e qui fera la diff\u00e9rence demande du temps&#8230; que je saurais vous apporter !<\/p>\n<\/div>\n\n\n\n<div class=\"wp-block-column is-layout-flow wp-block-column-is-layout-flow\"><div class=\"wp-block-image\">\n<figure class=\"aligncenter size-full is-resized\"><img decoding=\"async\" width=\"109\" height=\"73\" src=\"https:\/\/karlduchemin.fr\/wp-content\/uploads\/2024\/11\/BOOKING-ICON.png\" alt=\"\" class=\"wp-image-389\" style=\"width:130px\" title=\"icon-margin\"\/><\/figure>\n<\/div>\n\n\n<h4 class=\"wp-block-heading has-text-align-center\">Programmation de concerts<\/h4>\n\n\n\n<p class=\"has-text-align-center\">Avec une exp\u00e9rience de plusieurs ann\u00e9es en \u00e9v\u00e9nementiel et dans mes propres projets musicaux, j&rsquo;ai compris la difficult\u00e9 de trouver des lieux de concerts, avec des conditions adapt\u00e9es pour jouer. Mettre en place des outils pour d\u00e9marcher, rentrer en contact avec les lieux&#8230; c&rsquo;est un service qu&rsquo;il me semble indispensable de partager !<\/p>\n<\/div>\n<\/div>\n\n\n\n<div class=\"wp-block-buttons is-content-justification-center is-layout-flex wp-container-core-buttons-is-layout-16018d1d wp-block-buttons-is-layout-flex\"><\/div>\n<\/div><\/div>\n\n\n\n<div class=\"wp-block-buttons is-content-justification-center is-layout-flex wp-container-core-buttons-is-layout-16018d1d wp-block-buttons-is-layout-flex\">\n<div class=\"wp-block-button\"><a class=\"wp-block-button__link wp-element-button devis-btn\" href=\"https:\/\/karlduchemin.fr\/index.php\/contact\/\" style=\"border-radius:0px\">Demander un devis<\/a><\/div>\n<\/div>\n","protected":false},"excerpt":{"rendered":"<p>Une polyvalence au centre de vos id\u00e9es Ayant commenc\u00e9 ma vie professionnelle en \u00e9v\u00e9nementiel, j&rsquo;ai toujours trouv\u00e9 tr\u00e8s int\u00e9ressant d&rsquo;apprendre et de comprendre les m\u00e9tiers qui m&rsquo;entourent dans une entreprise. C&rsquo;est cette envie qui me poussera \u00e0 me reconvertir vers le graphisme, \u00e0 explorer les joies du webdesign, de l&rsquo;illustration, de la mise en page, [&hellip;]<\/p>\n","protected":false},"author":1,"featured_media":0,"parent":0,"menu_order":0,"comment_status":"closed","ping_status":"closed","template":"qi-full-width.php","meta":{"footnotes":""},"class_list":["post-15","page","type-page","status-publish","hentry"],"yoast_head":"<!-- This site is optimized with the Yoast SEO plugin v23.0 - https:\/\/yoast.com\/wordpress\/plugins\/seo\/ -->\n<title>Services - Karl Duchemin<\/title>\n<meta name=\"description\" content=\"Webdesign, identit\u00e9 visuelle, supports prints, photographie, community management et booking... je vous propose une gamme compl\u00e8te de services !\" \/>\n<meta name=\"robots\" content=\"index, follow, max-snippet:-1, max-image-preview:large, max-video-preview:-1\" \/>\n<link rel=\"canonical\" href=\"https:\/\/karlduchemin.fr\/index.php\/services\/\" \/>\n<meta property=\"og:locale\" content=\"fr_FR\" \/>\n<meta property=\"og:type\" content=\"article\" \/>\n<meta property=\"og:title\" content=\"Services - Karl Duchemin\" \/>\n<meta property=\"og:description\" content=\"Webdesign, identit\u00e9 visuelle, supports prints, photographie, community management et booking... je vous propose une gamme compl\u00e8te de services !\" \/>\n<meta property=\"og:url\" content=\"https:\/\/karlduchemin.fr\/index.php\/services\/\" \/>\n<meta property=\"og:site_name\" content=\"Karl Duchemin\" \/>\n<meta property=\"article:modified_time\" content=\"2024-12-06T11:39:03+00:00\" \/>\n<meta property=\"og:image\" content=\"https:\/\/karlduchemin.fr\/wp-content\/uploads\/2024\/12\/banniere-services.jpg\" \/>\n<meta name=\"twitter:card\" content=\"summary_large_image\" \/>\n<meta name=\"twitter:label1\" content=\"Dur\u00e9e de lecture estim\u00e9e\" \/>\n\t<meta name=\"twitter:data1\" content=\"5 minutes\" \/>\n<script type=\"application\/ld+json\" class=\"yoast-schema-graph\">{\"@context\":\"https:\/\/schema.org\",\"@graph\":[{\"@type\":\"WebPage\",\"@id\":\"https:\/\/karlduchemin.fr\/index.php\/services\/\",\"url\":\"https:\/\/karlduchemin.fr\/index.php\/services\/\",\"name\":\"Services - Karl Duchemin\",\"isPartOf\":{\"@id\":\"https:\/\/karlduchemin.fr\/#website\"},\"primaryImageOfPage\":{\"@id\":\"https:\/\/karlduchemin.fr\/index.php\/services\/#primaryimage\"},\"image\":{\"@id\":\"https:\/\/karlduchemin.fr\/index.php\/services\/#primaryimage\"},\"thumbnailUrl\":\"https:\/\/karlduchemin.fr\/wp-content\/uploads\/2024\/12\/banniere-services.jpg\",\"datePublished\":\"2024-10-17T13:51:26+00:00\",\"dateModified\":\"2024-12-06T11:39:03+00:00\",\"description\":\"Webdesign, identit\u00e9 visuelle, supports prints, photographie, community management et booking... je vous propose une gamme compl\u00e8te de services !\",\"breadcrumb\":{\"@id\":\"https:\/\/karlduchemin.fr\/index.php\/services\/#breadcrumb\"},\"inLanguage\":\"fr-FR\",\"potentialAction\":[{\"@type\":\"ReadAction\",\"target\":[\"https:\/\/karlduchemin.fr\/index.php\/services\/\"]}]},{\"@type\":\"ImageObject\",\"inLanguage\":\"fr-FR\",\"@id\":\"https:\/\/karlduchemin.fr\/index.php\/services\/#primaryimage\",\"url\":\"https:\/\/karlduchemin.fr\/wp-content\/uploads\/2024\/12\/banniere-services.jpg\",\"contentUrl\":\"https:\/\/karlduchemin.fr\/wp-content\/uploads\/2024\/12\/banniere-services.jpg\",\"width\":1652,\"height\":430},{\"@type\":\"BreadcrumbList\",\"@id\":\"https:\/\/karlduchemin.fr\/index.php\/services\/#breadcrumb\",\"itemListElement\":[{\"@type\":\"ListItem\",\"position\":1,\"name\":\"Accueil\",\"item\":\"https:\/\/karlduchemin.fr\/\"},{\"@type\":\"ListItem\",\"position\":2,\"name\":\"Services\"}]},{\"@type\":\"WebSite\",\"@id\":\"https:\/\/karlduchemin.fr\/#website\",\"url\":\"https:\/\/karlduchemin.fr\/\",\"name\":\"Karl Duchemin\",\"description\":\"Webdesigner, photographe, community manager et booker freelance\",\"publisher\":{\"@id\":\"https:\/\/karlduchemin.fr\/#\/schema\/person\/e6c4f85e13fa9559dcdf1fef389b5686\"},\"potentialAction\":[{\"@type\":\"SearchAction\",\"target\":{\"@type\":\"EntryPoint\",\"urlTemplate\":\"https:\/\/karlduchemin.fr\/?s={search_term_string}\"},\"query-input\":\"required name=search_term_string\"}],\"inLanguage\":\"fr-FR\"},{\"@type\":[\"Person\",\"Organization\"],\"@id\":\"https:\/\/karlduchemin.fr\/#\/schema\/person\/e6c4f85e13fa9559dcdf1fef389b5686\",\"name\":\"Karl Duchemin\",\"image\":{\"@type\":\"ImageObject\",\"inLanguage\":\"fr-FR\",\"@id\":\"https:\/\/karlduchemin.fr\/#\/schema\/person\/image\/\",\"url\":\"https:\/\/karlduchemin.fr\/wp-content\/uploads\/2024\/10\/logo@150x150.jpg\",\"contentUrl\":\"https:\/\/karlduchemin.fr\/wp-content\/uploads\/2024\/10\/logo@150x150.jpg\",\"width\":150,\"height\":150,\"caption\":\"Karl Duchemin\"},\"logo\":{\"@id\":\"https:\/\/karlduchemin.fr\/#\/schema\/person\/image\/\"},\"sameAs\":[\"http:\/\/karlduchemin.fr\",\"https:\/\/www.instagram.com\/karlduchemin.webdesigner\/\",\"https:\/\/www.linkedin.com\/in\/karl-duchemin-141933172\/\"]}]}<\/script>\n<!-- \/ Yoast SEO plugin. -->","yoast_head_json":{"title":"Services - Karl Duchemin","description":"Webdesign, identit\u00e9 visuelle, supports prints, photographie, community management et booking... je vous propose une gamme compl\u00e8te de services !","robots":{"index":"index","follow":"follow","max-snippet":"max-snippet:-1","max-image-preview":"max-image-preview:large","max-video-preview":"max-video-preview:-1"},"canonical":"https:\/\/karlduchemin.fr\/index.php\/services\/","og_locale":"fr_FR","og_type":"article","og_title":"Services - Karl Duchemin","og_description":"Webdesign, identit\u00e9 visuelle, supports prints, photographie, community management et booking... je vous propose une gamme compl\u00e8te de services !","og_url":"https:\/\/karlduchemin.fr\/index.php\/services\/","og_site_name":"Karl Duchemin","article_modified_time":"2024-12-06T11:39:03+00:00","og_image":[{"url":"https:\/\/karlduchemin.fr\/wp-content\/uploads\/2024\/12\/banniere-services.jpg"}],"twitter_card":"summary_large_image","twitter_misc":{"Dur\u00e9e de lecture estim\u00e9e":"5 minutes"},"schema":{"@context":"https:\/\/schema.org","@graph":[{"@type":"WebPage","@id":"https:\/\/karlduchemin.fr\/index.php\/services\/","url":"https:\/\/karlduchemin.fr\/index.php\/services\/","name":"Services - Karl Duchemin","isPartOf":{"@id":"https:\/\/karlduchemin.fr\/#website"},"primaryImageOfPage":{"@id":"https:\/\/karlduchemin.fr\/index.php\/services\/#primaryimage"},"image":{"@id":"https:\/\/karlduchemin.fr\/index.php\/services\/#primaryimage"},"thumbnailUrl":"https:\/\/karlduchemin.fr\/wp-content\/uploads\/2024\/12\/banniere-services.jpg","datePublished":"2024-10-17T13:51:26+00:00","dateModified":"2024-12-06T11:39:03+00:00","description":"Webdesign, identit\u00e9 visuelle, supports prints, photographie, community management et booking... je vous propose une gamme compl\u00e8te de services !","breadcrumb":{"@id":"https:\/\/karlduchemin.fr\/index.php\/services\/#breadcrumb"},"inLanguage":"fr-FR","potentialAction":[{"@type":"ReadAction","target":["https:\/\/karlduchemin.fr\/index.php\/services\/"]}]},{"@type":"ImageObject","inLanguage":"fr-FR","@id":"https:\/\/karlduchemin.fr\/index.php\/services\/#primaryimage","url":"https:\/\/karlduchemin.fr\/wp-content\/uploads\/2024\/12\/banniere-services.jpg","contentUrl":"https:\/\/karlduchemin.fr\/wp-content\/uploads\/2024\/12\/banniere-services.jpg","width":1652,"height":430},{"@type":"BreadcrumbList","@id":"https:\/\/karlduchemin.fr\/index.php\/services\/#breadcrumb","itemListElement":[{"@type":"ListItem","position":1,"name":"Accueil","item":"https:\/\/karlduchemin.fr\/"},{"@type":"ListItem","position":2,"name":"Services"}]},{"@type":"WebSite","@id":"https:\/\/karlduchemin.fr\/#website","url":"https:\/\/karlduchemin.fr\/","name":"Karl Duchemin","description":"Webdesigner, photographe, community manager et booker freelance","publisher":{"@id":"https:\/\/karlduchemin.fr\/#\/schema\/person\/e6c4f85e13fa9559dcdf1fef389b5686"},"potentialAction":[{"@type":"SearchAction","target":{"@type":"EntryPoint","urlTemplate":"https:\/\/karlduchemin.fr\/?s={search_term_string}"},"query-input":"required name=search_term_string"}],"inLanguage":"fr-FR"},{"@type":["Person","Organization"],"@id":"https:\/\/karlduchemin.fr\/#\/schema\/person\/e6c4f85e13fa9559dcdf1fef389b5686","name":"Karl Duchemin","image":{"@type":"ImageObject","inLanguage":"fr-FR","@id":"https:\/\/karlduchemin.fr\/#\/schema\/person\/image\/","url":"https:\/\/karlduchemin.fr\/wp-content\/uploads\/2024\/10\/logo@150x150.jpg","contentUrl":"https:\/\/karlduchemin.fr\/wp-content\/uploads\/2024\/10\/logo@150x150.jpg","width":150,"height":150,"caption":"Karl Duchemin"},"logo":{"@id":"https:\/\/karlduchemin.fr\/#\/schema\/person\/image\/"},"sameAs":["http:\/\/karlduchemin.fr","https:\/\/www.instagram.com\/karlduchemin.webdesigner\/","https:\/\/www.linkedin.com\/in\/karl-duchemin-141933172\/"]}]}},"jetpack_sharing_enabled":true,"_links":{"self":[{"href":"https:\/\/karlduchemin.fr\/index.php\/wp-json\/wp\/v2\/pages\/15","targetHints":{"allow":["GET"]}}],"collection":[{"href":"https:\/\/karlduchemin.fr\/index.php\/wp-json\/wp\/v2\/pages"}],"about":[{"href":"https:\/\/karlduchemin.fr\/index.php\/wp-json\/wp\/v2\/types\/page"}],"author":[{"embeddable":true,"href":"https:\/\/karlduchemin.fr\/index.php\/wp-json\/wp\/v2\/users\/1"}],"replies":[{"embeddable":true,"href":"https:\/\/karlduchemin.fr\/index.php\/wp-json\/wp\/v2\/comments?post=15"}],"version-history":[{"count":91,"href":"https:\/\/karlduchemin.fr\/index.php\/wp-json\/wp\/v2\/pages\/15\/revisions"}],"predecessor-version":[{"id":662,"href":"https:\/\/karlduchemin.fr\/index.php\/wp-json\/wp\/v2\/pages\/15\/revisions\/662"}],"wp:attachment":[{"href":"https:\/\/karlduchemin.fr\/index.php\/wp-json\/wp\/v2\/media?parent=15"}],"curies":[{"name":"wp","href":"https:\/\/api.w.org\/{rel}","templated":true}]}}